{"id":1458,"date":"2020-08-22T14:36:48","date_gmt":"2020-08-22T14:36:48","guid":{"rendered":"https:\/\/d.wbsprt.com\/ltcpardubice.cz\/?page_id=1458"},"modified":"2026-04-07T22:25:54","modified_gmt":"2026-04-07T22:25:54","slug":"sprava-klubu","status":"publish","type":"page","link":"https:\/\/www.ltcpardubice.cz\/?page_id=1458","title":{"rendered":"Spr\u00e1va klubu"},"content":{"rendered":"<div class=\"brz brz-root__container brz-reset-all brz-root__container-page\">\n<section id=\"aa4a6955d1a6f49e137c_qtlfjomaaniyqwmztfkpkhbsselbrclnbqsn\" class=\"brz-section brz-css-230pvo brz-css-1am0php\">\n<div class=\"brz-section__content brz-section--boxed brz-css-f1q3hb brz-css-3gl1xl\" data-brz-custom-id=\"veafgerbhvxfjiarlbgkouyynuecyyoohtkl\">\n<div class=\"brz-container brz-css-16nihed brz-css-n6h5s5\">\n<div class=\"brz-row__container brz-css-9mpsts brz-css-yl62u4\" data-brz-custom-id=\"dnyoruktskvdoojxonaovavyyoysahxbpovb\">\n<div class=\"brz-row brz-css-6r9w9z brz-css-1vt7vnh brz-css-qr3bc8\">\n<div class=\"brz-columns brz-css-95yxi brz-css-t1638i\" data-brz-custom-id=\"awroahaavdkzoeztfsmkembuskmzhzilokii\">\n<div class=\"brz-column__items brz-css-jqzdje brz-css-gpf3wj\">\n<div id=\"\" class=\"brz-css-mwnoyt brz-css-a7urje brz-wrapper\">\n<div class=\"brz-rich-text brz-rich-text__custom brz-css-99vxpb brz-css-rotge2\" data-brz-custom-id=\"oocrxcczqvmpvlxpojmhchbmecfkuuwiwkyo\">\n<div data-brz-translate-text=\"1\">\n<p class=\"brz-tp-heading1 brz-css-qISAR\"><span class=\"brz-cp-color7\">V\u00fdbor klubu<\/span><\/p>\n<\/div>\n<\/div>\n<\/div>\n<div id=\"\" class=\"brz-css-mwnoyt brz-css-trgsup brz-wrapper\">\n<div class=\"brz-rich-text brz-rich-text__custom brz-css-99vxpb brz-css-hf78sw\" data-brz-custom-id=\"pkppdhbxtafvyhpaudjwmthcvyfehcpiekic\">\n<div data-brz-translate-text=\"1\">\n<p class=\"brz-tp-paragraph brz-css-yhWu6\"><span class=\"brz-cp-color7\">Ing. Petr Bene\u0161&nbsp;&#8211; p\u0159edseda a ekonom<\/span><\/p>\n<p class=\"brz-tp-paragraph brz-css-xieU3\"><span class=\"brz-cp-color7\">Mgr. Roman Bro\u017e &#8211;&nbsp;jednatel<\/span><\/p>\n<p class=\"brz-tp-paragraph brz-css-hqKUe\"><span class=\"brz-cp-color7\">Ing. Petr Kobl\u00ed\u017eek &#8211;&nbsp;&nbsp;spr\u00e1va are\u00e1lu<\/span><\/p>\n<p class=\"brz-tp-paragraph brz-css-idqPu\"><span class=\"brz-cp-color7\">MUDr. Mgr. Eva Z\u00e1labsk\u00e1, Ph.D.&nbsp;&#8211; \u010dlen v\u00fdboru za z\u00e1vodn\u00ed hru<\/span><\/p>\n<p class=\"brz-tp-paragraph brz-css-lEsHb\"><span class=\"brz-cp-color7\">Ing. Roman \u0160vadlenka&nbsp;&#8211; \u010dlen v\u00fdboru, z\u00e1stupce reklamn\u00edch partner\u016f<\/span><\/p>\n<p class=\"brz-tp-paragraph brz-css-eJlvT\"><span class=\"brz-cp-color7\">Ing. Pavel Mu\u017e\u00edk&nbsp;&#8211; \u010dlen v\u00fdboru, z\u00e1stupce reklamn\u00edch partner\u016f<\/span><\/p>\n<p class=\"brz-tp-paragraph brz-css-uueCp\"><span class=\"brz-cp-color7\"> <\/span><\/p>\n<\/div>\n<\/div>\n<\/div>\n<\/div>\n<\/div>\n<div class=\"brz-columns brz-css-95yxi brz-css-6nn8yb\" data-brz-custom-id=\"tqkgdcsejkisjybqykagpodgnaiopwrtbxfu\">\n<div class=\"brz-column__items brz-css-jqzdje brz-css-1vsqbgu\">\n<div id=\"\" class=\"brz-css-mwnoyt brz-css-1kw2qxc brz-wrapper\">\n<div class=\"brz-rich-text brz-rich-text__custom brz-css-99vxpb brz-css-94ekev\" data-brz-custom-id=\"ezurvgiamminyszwckasebujitxynrwraizx\">\n<div data-brz-translate-text=\"1\">\n<p class=\"brz-tp-heading1 brz-css-rpZ6w\"><span class=\"brz-cp-color7\">Revizn\u00ed komise<\/span><\/p>\n<\/div>\n<\/div>\n<\/div>\n<div id=\"\" class=\"brz-css-mwnoyt brz-css-m401k2 brz-wrapper\">\n<div class=\"brz-rich-text brz-rich-text__custom brz-css-99vxpb brz-css-1a6yvxi\" data-brz-custom-id=\"wolzpalkwsvdlwabcmarsnmbifvhlpuvcsxr\">\n<div data-brz-translate-text=\"1\">\n<p class=\"brz-tp-paragraph brz-css-hHgU5\"><span class=\"brz-cp-color7\">Ing. Miroslav Mare\u0161&nbsp;&#8211; p\u0159edseda<\/span><\/p>\n<p class=\"brz-tp-paragraph brz-css-a2Wa7\"><span class=\"brz-cp-color7\">Mgr. Vladim\u00edr Zima&nbsp;&#8211; \u010dlen<\/span><\/p>\n<p class=\"brz-tp-paragraph brz-css-ywqQV\"><span class=\"brz-cp-color7\">Zbyn\u011bk Hor\u00e1k&nbsp;&#8211; \u010dlen<\/span><\/p>\n<\/div>\n<\/div>\n<\/div>\n<\/div>\n<\/div>\n<\/div>\n<\/div>\n<\/div>\n<\/div>\n<\/section>\n<section id=\"ybfrdicfwdqqaqoietdeatshywjfnlptgygc_ybfrdicfwdqqaqoietdeatshywjfnlptgygc\" class=\"brz-section brz-css-d-section brz-css-jht3ww\">\n<div class=\"brz-section__content brz-section--boxed brz-css-d-sectionitem-bg brz-css-muk8zd\" data-brz-custom-id=\"maeqmepgcbdrabazjinwpcyklktpdphzuqbs\">\n<div class=\"brz-container brz-css-d-sectionitem-container brz-css-3vvjfd\">\n<div id=\"\" class=\"brz-css-d-wrapper brz-css-11bw1vj brz-wrapper\">\n<div class=\"brz-rich-text brz-rich-text__custom brz-css-d-richtext brz-css-15724kj\" data-brz-custom-id=\"cddsdsfzpkfwitcksphzjikdnywmmuhqfnpa\">\n<div data-brz-translate-text=\"1\">\n<p class=\"brz-tp-heading1 brz-css-wa34C\"><span class=\"brz-cp-color7\">Spr\u00e1va are\u00e1lu<\/span><\/p>\n<\/div>\n<\/div>\n<\/div>\n<div id=\"\" class=\"brz-css-d-wrapper brz-css-ezfr5w brz-wrapper\">\n<div class=\"brz-rich-text brz-rich-text__custom brz-css-d-richtext brz-css-1s6ar9p\" data-brz-custom-id=\"rgvclptjalfkhhvwbeddzzaridhxjtopzhem\">\n<div data-brz-translate-text=\"1\">\n<p class=\"brz-tp-lg-paragraph brz-css-n_Fmy\" data-generated-css=\"brz-css-uAmSU\" data-uniq-id=\"olSgD\"><\/p>\n<p class=\"brz-tp-lg-paragraph brz-css-zm3Oo\" data-generated-css=\"brz-css-ijgmO\" data-uniq-id=\"yhd30\"><span class=\"brz-cp-color7\">Spr\u00e1vce are\u00e1lu je odpov\u011bdn\u00fd za ka\u017edodenn\u00ed provoz dvorc\u016f a technick\u00e9 zabezpe\u010den\u00ed are\u00e1lu.<\/span><\/p>\n<p class=\"brz-tp-lg-paragraph brz-css-fLYkN\" data-generated-css=\"brz-css-qYm_o\" data-uniq-id=\"wCxQz\"><span class=\"brz-cp-color7\">Kontakt: 777 341 301 &#8211; slu\u017eebn\u00ed telefon<\/span><\/p>\n<p class=\"brz-tp-lg-paragraph brz-css-lKUu9\" data-generated-css=\"brz-css-hXPtY\" data-uniq-id=\"l4T8X\"><span class=\"brz-cp-color7\">Spr\u00e1vci : <\/span><\/p>\n<p class=\"brz-tp-lg-paragraph brz-css-dxLiL\" data-generated-css=\"brz-css-f_jDP\" data-uniq-id=\"a7x3u\"><span class=\"brz-cp-color7\">Franti\u0161ek \u0160ime\u010dek 777 138 259<\/span><\/p>\n<p class=\"brz-tp-lg-paragraph brz-css-yr7Zs\" data-generated-css=\"brz-css-l3HO8\" data-uniq-id=\"a5_uT\"><span class=\"brz-cp-color7\">Petr Sko\u010ddopole 725 581 733, 737 812 540<\/span><\/p>\n<p class=\"brz-tp-lg-paragraph brz-css-gqIQN\" data-generated-css=\"brz-css-r6edT\" data-uniq-id=\"geWup\">Josef Bradna 606 953 779<\/p>\n<p class=\"brz-tp-lg-paragraph brz-css-tDPvS\" data-generated-css=\"brz-css-r6edT\" data-uniq-id=\"geWup\">Vojt\u011bch Berka  725876361 <\/p>\n<\/div>\n<\/div>\n<\/div>\n<\/div>\n<\/div>\n<\/section><\/div>\n<p><!-- version:1764915122 --><\/p>\n","protected":false},"excerpt":{"rendered":"<p>V\u00fdbor klubu Ing. Petr Bene\u0161&nbsp;&#8211; p\u0159edseda a ekonom Mgr. Roman Bro\u017e &#8211;&nbsp;jednatel Ing. Petr Kobl\u00ed\u017eek &#8211;&nbsp;&nbsp;spr\u00e1va are\u00e1lu MUDr. Mgr. Eva Z\u00e1labsk\u00e1, Ph.D.&nbsp;&#8211; \u010dlen v\u00fdboru za z\u00e1vodn\u00ed hru Ing. Roman \u0160vadlenka&nbsp;&#8211; \u010dlen v\u00fdboru, z\u00e1stupce reklamn\u00edch partner\u016f Ing. Pavel Mu\u017e\u00edk&nbsp;&#8211; \u010dlen v\u00fdboru, z\u00e1stupce reklamn\u00edch partner\u016f Revizn\u00ed komise Ing. Miroslav Mare\u0161&nbsp;&#8211; p\u0159edseda Mgr. Vladim\u00edr Zima&nbsp;&#8211; \u010dlen Zbyn\u011bk Hor\u00e1k&nbsp;&#8211; [&hellip;]<\/p>\n","protected":false},"author":1,"featured_media":0,"parent":0,"menu_order":0,"comment_status":"closed","ping_status":"closed","template":"brizy-blank-template.php","meta":{"_monsterinsights_skip_tracking":false,"_monsterinsights_sitenote_active":false,"_monsterinsights_sitenote_note":"","_monsterinsights_sitenote_category":0,"footnotes":""},"yoast_head":"<!-- This site is optimized with the Yoast SEO plugin v24.5 - https:\/\/yoast.com\/wordpress\/plugins\/seo\/ -->\n<title>Spr\u00e1va klubu - LTC Pardubice<\/title>\n<meta name=\"robots\" content=\"index, follow, max-snippet:-1, max-image-preview:large, max-video-preview:-1\" \/>\n<link rel=\"canonical\" href=\"https:\/\/www.ltcpardubice.cz\/?page_id=1458\" \/>\n<meta property=\"og:locale\" content=\"cs_CZ\" \/>\n<meta property=\"og:type\" content=\"article\" \/>\n<meta property=\"og:title\" content=\"Spr\u00e1va klubu - LTC Pardubice\" \/>\n<meta property=\"og:description\" content=\"V\u00fdbor klubu Ing. Petr Bene\u0161&nbsp;&#8211; p\u0159edseda a ekonom Mgr. Roman Bro\u017e &#8211;&nbsp;jednatel Ing. Petr Kobl\u00ed\u017eek &#8211;&nbsp;&nbsp;spr\u00e1va are\u00e1lu MUDr. Mgr. Eva Z\u00e1labsk\u00e1, Ph.D.&nbsp;&#8211; \u010dlen v\u00fdboru za z\u00e1vodn\u00ed hru Ing. Roman \u0160vadlenka&nbsp;&#8211; \u010dlen v\u00fdboru, z\u00e1stupce reklamn\u00edch partner\u016f Ing. Pavel Mu\u017e\u00edk&nbsp;&#8211; \u010dlen v\u00fdboru, z\u00e1stupce reklamn\u00edch partner\u016f Revizn\u00ed komise Ing. Miroslav Mare\u0161&nbsp;&#8211; p\u0159edseda Mgr. Vladim\u00edr Zima&nbsp;&#8211; \u010dlen Zbyn\u011bk Hor\u00e1k&nbsp;&#8211; [&hellip;]\" \/>\n<meta property=\"og:url\" content=\"https:\/\/www.ltcpardubice.cz\/?page_id=1458\" \/>\n<meta property=\"og:site_name\" content=\"LTC Pardubice\" \/>\n<meta property=\"article:modified_time\" content=\"2026-04-07T22:25:54+00:00\" \/>\n<meta name=\"twitter:card\" content=\"summary_large_image\" \/>\n<meta name=\"twitter:label1\" content=\"Odhadovan\u00e1 doba \u010dten\u00ed\" \/>\n\t<meta name=\"twitter:data1\" content=\"1 minuta\" \/>\n<script type=\"application\/ld+json\" class=\"yoast-schema-graph\">{\"@context\":\"https:\/\/schema.org\",\"@graph\":[{\"@type\":\"WebPage\",\"@id\":\"https:\/\/www.ltcpardubice.cz\/?page_id=1458\",\"url\":\"https:\/\/www.ltcpardubice.cz\/?page_id=1458\",\"name\":\"Spr\u00e1va klubu - LTC Pardubice\",\"isPartOf\":{\"@id\":\"https:\/\/www.ltcpardubice.cz\/#website\"},\"datePublished\":\"2020-08-22T14:36:48+00:00\",\"dateModified\":\"2026-04-07T22:25:54+00:00\",\"breadcrumb\":{\"@id\":\"https:\/\/www.ltcpardubice.cz\/?page_id=1458#breadcrumb\"},\"inLanguage\":\"cs\",\"potentialAction\":[{\"@type\":\"ReadAction\",\"target\":[\"https:\/\/www.ltcpardubice.cz\/?page_id=1458\"]}]},{\"@type\":\"BreadcrumbList\",\"@id\":\"https:\/\/www.ltcpardubice.cz\/?page_id=1458#breadcrumb\",\"itemListElement\":[{\"@type\":\"ListItem\",\"position\":1,\"name\":\"Home\",\"item\":\"https:\/\/www.ltcpardubice.cz\/\"},{\"@type\":\"ListItem\",\"position\":2,\"name\":\"Spr\u00e1va klubu\"}]},{\"@type\":\"WebSite\",\"@id\":\"https:\/\/www.ltcpardubice.cz\/#website\",\"url\":\"https:\/\/www.ltcpardubice.cz\/\",\"name\":\"LTC Pardubice\",\"description\":\"Str\u00e1nky tenisov\u00e9ho klubu LTC Pardubice\",\"potentialAction\":[{\"@type\":\"SearchAction\",\"target\":{\"@type\":\"EntryPoint\",\"urlTemplate\":\"https:\/\/www.ltcpardubice.cz\/?s={search_term_string}\"},\"query-input\":{\"@type\":\"PropertyValueSpecification\",\"valueRequired\":true,\"valueName\":\"search_term_string\"}}],\"inLanguage\":\"cs\"}]}<\/script>\n<!-- \/ Yoast SEO plugin. -->","yoast_head_json":{"title":"Spr\u00e1va klubu - LTC Pardubice","robots":{"index":"index","follow":"follow","max-snippet":"max-snippet:-1","max-image-preview":"max-image-preview:large","max-video-preview":"max-video-preview:-1"},"canonical":"https:\/\/www.ltcpardubice.cz\/?page_id=1458","og_locale":"cs_CZ","og_type":"article","og_title":"Spr\u00e1va klubu - LTC Pardubice","og_description":"V\u00fdbor klubu Ing. Petr Bene\u0161&nbsp;&#8211; p\u0159edseda a ekonom Mgr. Roman Bro\u017e &#8211;&nbsp;jednatel Ing. Petr Kobl\u00ed\u017eek &#8211;&nbsp;&nbsp;spr\u00e1va are\u00e1lu MUDr. Mgr. Eva Z\u00e1labsk\u00e1, Ph.D.&nbsp;&#8211; \u010dlen v\u00fdboru za z\u00e1vodn\u00ed hru Ing. Roman \u0160vadlenka&nbsp;&#8211; \u010dlen v\u00fdboru, z\u00e1stupce reklamn\u00edch partner\u016f Ing. Pavel Mu\u017e\u00edk&nbsp;&#8211; \u010dlen v\u00fdboru, z\u00e1stupce reklamn\u00edch partner\u016f Revizn\u00ed komise Ing. Miroslav Mare\u0161&nbsp;&#8211; p\u0159edseda Mgr. Vladim\u00edr Zima&nbsp;&#8211; \u010dlen Zbyn\u011bk Hor\u00e1k&nbsp;&#8211; [&hellip;]","og_url":"https:\/\/www.ltcpardubice.cz\/?page_id=1458","og_site_name":"LTC Pardubice","article_modified_time":"2026-04-07T22:25:54+00:00","twitter_card":"summary_large_image","twitter_misc":{"Odhadovan\u00e1 doba \u010dten\u00ed":"1 minuta"},"schema":{"@context":"https:\/\/schema.org","@graph":[{"@type":"WebPage","@id":"https:\/\/www.ltcpardubice.cz\/?page_id=1458","url":"https:\/\/www.ltcpardubice.cz\/?page_id=1458","name":"Spr\u00e1va klubu - LTC Pardubice","isPartOf":{"@id":"https:\/\/www.ltcpardubice.cz\/#website"},"datePublished":"2020-08-22T14:36:48+00:00","dateModified":"2026-04-07T22:25:54+00:00","breadcrumb":{"@id":"https:\/\/www.ltcpardubice.cz\/?page_id=1458#breadcrumb"},"inLanguage":"cs","potentialAction":[{"@type":"ReadAction","target":["https:\/\/www.ltcpardubice.cz\/?page_id=1458"]}]},{"@type":"BreadcrumbList","@id":"https:\/\/www.ltcpardubice.cz\/?page_id=1458#breadcrumb","itemListElement":[{"@type":"ListItem","position":1,"name":"Home","item":"https:\/\/www.ltcpardubice.cz\/"},{"@type":"ListItem","position":2,"name":"Spr\u00e1va klubu"}]},{"@type":"WebSite","@id":"https:\/\/www.ltcpardubice.cz\/#website","url":"https:\/\/www.ltcpardubice.cz\/","name":"LTC Pardubice","description":"Str\u00e1nky tenisov\u00e9ho klubu LTC Pardubice","potentialAction":[{"@type":"SearchAction","target":{"@type":"EntryPoint","urlTemplate":"https:\/\/www.ltcpardubice.cz\/?s={search_term_string}"},"query-input":{"@type":"PropertyValueSpecification","valueRequired":true,"valueName":"search_term_string"}}],"inLanguage":"cs"}]}},"brizy_media":[],"_links":{"self":[{"href":"https:\/\/www.ltcpardubice.cz\/index.php?rest_route=\/wp\/v2\/pages\/1458"}],"collection":[{"href":"https:\/\/www.ltcpardubice.cz\/index.php?rest_route=\/wp\/v2\/pages"}],"about":[{"href":"https:\/\/www.ltcpardubice.cz\/index.php?rest_route=\/wp\/v2\/types\/page"}],"author":[{"embeddable":true,"href":"https:\/\/www.ltcpardubice.cz\/index.php?rest_route=\/wp\/v2\/users\/1"}],"replies":[{"embeddable":true,"href":"https:\/\/www.ltcpardubice.cz\/index.php?rest_route=%2Fwp%2Fv2%2Fcomments&post=1458"}],"version-history":[{"count":6,"href":"https:\/\/www.ltcpardubice.cz\/index.php?rest_route=\/wp\/v2\/pages\/1458\/revisions"}],"predecessor-version":[{"id":7704,"href":"https:\/\/www.ltcpardubice.cz\/index.php?rest_route=\/wp\/v2\/pages\/1458\/revisions\/7704"}],"wp:attachment":[{"href":"https:\/\/www.ltcpardubice.cz\/index.php?rest_route=%2Fwp%2Fv2%2Fmedia&parent=1458"}],"curies":[{"name":"wp","href":"https:\/\/api.w.org\/{rel}","templated":true}]}}