{"id":2000,"date":"2020-08-23T18:59:41","date_gmt":"2020-08-23T18:59:41","guid":{"rendered":"https:\/\/d.wbsprt.com\/ltcpardubice.cz\/?page_id=2000"},"modified":"2026-04-08T07:17:52","modified_gmt":"2026-04-08T07:17:52","slug":"minitenis","status":"publish","type":"page","link":"https:\/\/www.ltcpardubice.cz\/?page_id=2000","title":{"rendered":"Minitenis"},"content":{"rendered":"<div class=\"brz-root__container brz-reset-all brz brz-root__container-page\">\n<section id=\"_djksdvudzbenpshstiyxvypgbnwjralkfgrp\" class=\"brz-section brz-css-ob1h4x\">\n<div class=\"brz-section__content brz-section--boxed brz-css-v0oshw brz-css-15nkkxx\" data-brz-custom-id=\"kswoxsimxelgcuwquykdestkbjlkwlbieqdc\">\n<div class=\"brz-container brz-css-r0wnma\">\n<div id=\"\" class=\"brz-css-vanskb brz-wrapper\">\n<div class=\"brz-rich-text brz-rich-text__custom brz-css-10wzk7n\" data-brz-custom-id=\"utrivyzmypxzmawzjmqcmabjmfzstodsuqeu\">\n<div data-brz-translate-text=\"1\">\n<p class=\"brz-tp-heading1 brz-css-bVQL7\"><span class=\"brz-cp-color7\">Minitenis<\/span><\/p>\n<\/div>\n<\/div>\n<\/div>\n<div id=\"\" class=\"brz-css-vanskb brz-wrapper\">\n<div class=\"brz-rich-text brz-rich-text__custom brz-css-10wzk7n\" data-brz-custom-id=\"mmgpjrilhjrhbjeyqcdlfspeagejzwqbjxon\">\n<div data-brz-translate-text=\"1\">\n<p class=\"brz-tp-paragraph brz-css-mnPS5\"><span class=\"brz-cp-color7\">Je ur\u010den pro d\u011bti od cca 4 let, z\u00e1vis\u00ed na vysp\u011blosti d\u00edt\u011bte. N\u00e1bor nov\u00fdch d\u011bt\u00ed prob\u011bhne v dubnu. Tr\u00e9ninky prob\u00edhaj\u00ed v\u011bt\u0161inou 2x t\u00fddn\u011b na dvorci s tvrd\u00fdm povrchem nebo antukou, za nep\u0159\u00edzniv\u00e9ho po\u010das\u00ed v hale, ve skupin\u00e1ch maxim\u00e1ln\u011b 3 d\u011bt\u00ed na dorci pro minitenis (polovina velk\u00e9ho dvorce). Na ja\u0159e bude v\u00fduka prob\u00edhat od poloviny dubna do konce \u010dervna, na podzim od za\u010d\u00e1tku z\u00e1\u0159\u00ed dle po\u010das\u00ed venku do poloviny \u0159\u00edjna, n\u00e1sledn\u011b v hale. O pr\u00e1zdnin\u00e1ch pravideln\u00e1 v\u00fduka neprob\u00edh\u00e1, je organizov\u00e1n 1 kemp pro minitenisty (7.-11.72014) , pro vysp\u011blej\u0161\u00ed minitenisty je po\u0159\u00edd\u00e1n turnaj (viz sekce po\u0159\u00e1dan\u00e9 turnaje na LTC).<\/span><\/p>\n<p class=\"brz-tp-paragraph brz-css-aJInE\"><span class=\"brz-cp-color7\">Cena za T\u0160 bude up\u0159esn\u011bna, je rozpo\u010d\u00edt\u00e1na na jaro a podzim zvl\u00e1\u0161\u0165 a odv\u00edj\u00ed se od po\u010dtu d\u011bt\u00ed ve skupin\u011b (cca 400,-K\u010d na hodinu d\u011bleno po\u010dtem d\u011bt\u00ed).<\/span><\/p>\n<p class=\"brz-tp-paragraph brz-css-uCP5m\"><span class=\"brz-cp-color7\">Vedouc\u00ed tren\u00e9rkou minitenisu je&nbsp;<\/span><strong class=\"brz-cp-color7\">Michaela Kucharov\u00e1<\/strong><span class=\"brz-cp-color7\">&nbsp;(profil viz sekce tren\u00e9\u0159i).&nbsp;<\/span><\/p>\n<\/div>\n<\/div>\n<\/div>\n<div class=\"brz-row__container brz-css-g8ikmc\" data-brz-custom-id=\"bozmhdwnnrjonzbmgaqbwkvpmqsqkffwbivo\">\n<div class=\"brz-bg\"><\/div>\n<div class=\"brz-row brz-css-1wx9uk5 brz-css-s6mndc\">\n<div class=\"brz-columns brz-css-9a3xg2 brz-css-y7dow7\" data-brz-custom-id=\"gdvaslfxiqyjlfcqooilxrsjgfcknxhyijoy\">\n<div class=\"brz-bg\"><\/div>\n<div class=\"brz-column__items brz-css-1dbd2y0\">\n<div id=\"\" class=\"brz-css-vanskb brz-wrapper\">\n<div class=\"brz-rich-text brz-rich-text__custom brz-css-10wzk7n\" data-brz-custom-id=\"wgtqwxqlwhitnvblbmrxgawjhnojokidqjjk\">\n<div data-brz-translate-text=\"1\">\n<p class=\"brz-tp-paragraph brz-text-lg-center brz-css-whPbl\"><strong class=\"brz-cp-color7\">Schema dvorce na minitenis<\/strong><\/p>\n<\/div>\n<\/div>\n<\/div>\n<div id=\"\" class=\"brz-css-vanskb brz-wrapper\">\n<div class=\"brz-image brz-css-18c4bpx\" data-brz-custom-id=\"rnwcraduqdoiqmzogasgtrjnfvnihjsrhuex\"><img decoding=\"async\" class=\"brz-img\" src=\"https:\/\/www.ltcpardubice.cz\/wp-content\/uploads\/brizy\/imgs\/minitenis-263x125x0x0x263x125x1598209443.jpg\" alt=\"\" loading=\"lazy\"><\/div>\n<\/div>\n<\/div>\n<\/div>\n<div class=\"brz-columns brz-css-9a3xg2 brz-css-1739sbj\" data-brz-custom-id=\"agviyijblfjnhucjzfyzqwtvktnijyzvaqwp\">\n<div class=\"brz-bg\"><\/div>\n<div class=\"brz-column__items brz-css-1dbd2y0\">\n<div id=\"\" class=\"brz-css-vanskb brz-wrapper\">\n<div class=\"brz-rich-text brz-rich-text__custom brz-css-10wzk7n\" data-brz-custom-id=\"gueddeaaqpijqmvpwewfqdqklrgbnxrzhsun\">\n<div data-brz-translate-text=\"1\">\n<p class=\"brz-tp-paragraph brz-text-lg-center brz-css-phGcS\"><strong class=\"brz-cp-color7\">Doporu\u010den\u00e1 literatura k v\u00fduce minitenisu<\/strong><\/p>\n<\/div>\n<\/div>\n<\/div>\n<div id=\"\" class=\"brz-css-vanskb brz-wrapper\">\n<div class=\"brz-image brz-css-y4x3rd\" data-brz-custom-id=\"xasipijolsdbujpdriratnfmmlzbcwkqooni\"><img decoding=\"async\" class=\"brz-img\" src=\"https:\/\/www.ltcpardubice.cz\/wp-content\/uploads\/brizy\/imgs\/minikniha-176x126x0x1x176x124x1598209507.jpg\" alt=\"\" loading=\"lazy\"><\/div>\n<\/div>\n<\/div>\n<\/div>\n<div class=\"brz-columns brz-css-9a3xg2 brz-css-qggrzr\" data-brz-custom-id=\"zgxrrerxkioledbgxfuzuadyvyalduqdvnsu\">\n<div class=\"brz-bg\"><\/div>\n<div class=\"brz-column__items brz-css-1dbd2y0\">\n<div id=\"\" class=\"brz-css-vanskb brz-wrapper\">\n<div class=\"brz-rich-text brz-rich-text__custom brz-css-10wzk7n\" data-brz-custom-id=\"ydlhyivvtpdiulumujkhyommaliizbtlxfrn\">\n<div data-brz-translate-text=\"1\">\n<p class=\"brz-text-lg-center brz-tp-paragraph brz-css-hNokB\"><strong class=\"brz-cp-color7\">M\u00ed\u010de na minitenis<\/strong><\/p>\n<\/div>\n<\/div>\n<\/div>\n<div id=\"\" class=\"brz-css-vanskb brz-wrapper\">\n<div class=\"brz-image brz-css-1k7j73q\" data-brz-custom-id=\"zovthdkudmthyetkmcdcllzjavzwyhpdthvq\"><img decoding=\"async\" class=\"brz-img\" src=\"https:\/\/www.ltcpardubice.cz\/wp-content\/uploads\/brizy\/imgs\/micemini-177x136x0x5x177x125x1598209698.jpg\" alt=\"\" loading=\"lazy\"><\/div>\n<\/div>\n<\/div>\n<\/div>\n<\/div>\n<\/div>\n<\/div>\n<\/div>\n<\/section>\n<section id=\"_ecevwpktuzwevrsvezzbnxiffglmlxumvpsb\" class=\"brz-section brz-css-ob1h4x\">\n<div class=\"brz-section__content brz-section--boxed brz-css-v0oshw brz-css-1sbqw12\" data-brz-custom-id=\"ajmkeertcqvyumehzwqsidbtmnfcajbzpgkv\">\n<div class=\"brz-container brz-css-r0wnma\">\n<div class=\"brz-row__container brz-css-g8ikmc\" data-brz-custom-id=\"aidqjucdeldrvjuxozxxteeofiiyvtaqxfkc\">\n<div class=\"brz-bg\"><\/div>\n<div class=\"brz-row brz-css-1wx9uk5 brz-css-s6mndc\">\n<div class=\"brz-columns brz-css-9a3xg2 brz-css-12jyg6z\" data-brz-custom-id=\"twnjltnzphtuowobpnwsdmhiondpkhekmneb\">\n<div class=\"brz-bg\"><\/div>\n<div class=\"brz-column__items brz-css-1dbd2y0\">\n<div id=\"\" class=\"brz-css-vanskb brz-wrapper\">\n<div class=\"brz-rich-text brz-rich-text__custom brz-css-10wzk7n\" data-brz-custom-id=\"ckcgmyfbgjfihcqkgklftnfpszwumkosrmmz\">\n<div data-brz-translate-text=\"1\">\n<p class=\"brz-tp-paragraph brz-css-zkrYX\"><strong class=\"brz-cp-color7\">Ilustrativn\u00ed obr\u00e1zky minitenisu<\/strong><\/p>\n<\/div>\n<\/div>\n<\/div>\n<div class=\"brz-row__container brz-css-g8ikmc\" data-brz-custom-id=\"iysgukpwabarmxifoqajofmugefhjafjqwbb\">\n<div class=\"brz-bg\"><\/div>\n<div class=\"brz-row brz-row--inner brz-css-1wx9uk5 brz-css-s6mndc\">\n<div class=\"brz-columns brz-css-9a3xg2 brz-css-1gxxnsb\" data-brz-custom-id=\"ezrrnryfvisyikfsupywsvxmwsjvfbraajyq\">\n<div class=\"brz-bg\"><\/div>\n<div class=\"brz-column__items brz-css-1dbd2y0\">\n<div id=\"\" class=\"brz-css-vanskb brz-wrapper\">\n<div class=\"brz-image brz-css-4kwgz1\" data-brz-custom-id=\"ttjotwbtzxlglmjvwtrlrrqnjrjlabugzeip\"><img decoding=\"async\" class=\"brz-img\" src=\"https:\/\/www.ltcpardubice.cz\/wp-content\/uploads\/brizy\/imgs\/mini4-269x179x0x0x269x179x1598209837.jpg\" alt=\"\" loading=\"lazy\"><\/div>\n<\/div>\n<\/div>\n<\/div>\n<div class=\"brz-columns brz-css-9a3xg2 brz-css-1fdr8hx\" data-brz-custom-id=\"nmqiswtsdjegelnlumccfxibqhvoidbtcsgs\">\n<div class=\"brz-bg\"><\/div>\n<div class=\"brz-column__items brz-css-1dbd2y0\">\n<div id=\"\" class=\"brz-css-vanskb brz-wrapper\">\n<div class=\"brz-image brz-css-v981bi\" data-brz-custom-id=\"jbrqjosfzhkgavymtfktugaulczvwnfkdxcp\"><img decoding=\"async\" class=\"brz-img\" src=\"https:\/\/www.ltcpardubice.cz\/wp-content\/uploads\/brizy\/imgs\/mini3-241x181x0x0x241x181x1598209835.jpg\" alt=\"\" loading=\"lazy\"><\/div>\n<\/div>\n<\/div>\n<\/div>\n<div class=\"brz-columns brz-css-9a3xg2 brz-css-2f6s1j\" data-brz-custom-id=\"jvxptytdivmdmtcctdzzbidiykektzvqyjvu\">\n<div class=\"brz-bg\"><\/div>\n<div class=\"brz-column__items brz-css-1dbd2y0\">\n<div id=\"\" class=\"brz-css-vanskb brz-wrapper\">\n<div class=\"brz-image brz-css-1e86t8h\" data-brz-custom-id=\"feylqzvezmqiecjljtebrtpqnmscgosrtdqp\"><img decoding=\"async\" class=\"brz-img\" src=\"https:\/\/www.ltcpardubice.cz\/wp-content\/uploads\/brizy\/imgs\/mini2-326x183x0x0x326x183x1598209833.jpg\" alt=\"\" loading=\"lazy\"><\/div>\n<\/div>\n<\/div>\n<\/div>\n<\/div>\n<\/div>\n<\/div>\n<\/div>\n<\/div>\n<\/div>\n<\/div>\n<\/div>\n<\/section>\n<\/div>\n<p>    <!-- version:1737002236 --><\/p>\n","protected":false},"excerpt":{"rendered":"<p>Minitenis Je ur\u010den pro d\u011bti od cca 4 let, z\u00e1vis\u00ed na vysp\u011blosti d\u00edt\u011bte. N\u00e1bor nov\u00fdch d\u011bt\u00ed prob\u011bhne v dubnu. Tr\u00e9ninky prob\u00edhaj\u00ed v\u011bt\u0161inou 2x t\u00fddn\u011b na dvorci s tvrd\u00fdm povrchem nebo antukou, za nep\u0159\u00edzniv\u00e9ho po\u010das\u00ed v hale, ve skupin\u00e1ch maxim\u00e1ln\u011b 3 d\u011bt\u00ed na dorci pro minitenis (polovina velk\u00e9ho dvorce). Na ja\u0159e bude v\u00fduka prob\u00edhat od poloviny [&hellip;]<\/p>\n","protected":false},"author":1,"featured_media":0,"parent":0,"menu_order":0,"comment_status":"closed","ping_status":"closed","template":"brizy-blank-template.php","meta":{"_monsterinsights_skip_tracking":false,"_monsterinsights_sitenote_active":false,"_monsterinsights_sitenote_note":"","_monsterinsights_sitenote_category":0,"footnotes":""},"yoast_head":"<!-- This site is optimized with the Yoast SEO plugin v24.5 - https:\/\/yoast.com\/wordpress\/plugins\/seo\/ -->\n<title>Minitenis - LTC Pardubice<\/title>\n<meta name=\"robots\" content=\"index, follow, max-snippet:-1, max-image-preview:large, max-video-preview:-1\" \/>\n<link rel=\"canonical\" href=\"https:\/\/www.ltcpardubice.cz\/?page_id=2000\" \/>\n<meta property=\"og:locale\" content=\"cs_CZ\" \/>\n<meta property=\"og:type\" content=\"article\" \/>\n<meta property=\"og:title\" content=\"Minitenis - LTC Pardubice\" \/>\n<meta property=\"og:description\" content=\"Minitenis Je ur\u010den pro d\u011bti od cca 4 let, z\u00e1vis\u00ed na vysp\u011blosti d\u00edt\u011bte. N\u00e1bor nov\u00fdch d\u011bt\u00ed prob\u011bhne v dubnu. Tr\u00e9ninky prob\u00edhaj\u00ed v\u011bt\u0161inou 2x t\u00fddn\u011b na dvorci s tvrd\u00fdm povrchem nebo antukou, za nep\u0159\u00edzniv\u00e9ho po\u010das\u00ed v hale, ve skupin\u00e1ch maxim\u00e1ln\u011b 3 d\u011bt\u00ed na dorci pro minitenis (polovina velk\u00e9ho dvorce). Na ja\u0159e bude v\u00fduka prob\u00edhat od poloviny [&hellip;]\" \/>\n<meta property=\"og:url\" content=\"https:\/\/www.ltcpardubice.cz\/?page_id=2000\" \/>\n<meta property=\"og:site_name\" content=\"LTC Pardubice\" \/>\n<meta property=\"article:modified_time\" content=\"2026-04-08T07:17:52+00:00\" \/>\n<meta property=\"og:image\" content=\"https:\/\/www.ltcpardubice.cz\/wp-content\/uploads\/brizy\/imgs\/minitenis-263x125x0x0x263x125x1598209443.jpg\" \/>\n<meta name=\"twitter:card\" content=\"summary_large_image\" \/>\n<meta name=\"twitter:label1\" content=\"Odhadovan\u00e1 doba \u010dten\u00ed\" \/>\n\t<meta name=\"twitter:data1\" content=\"1 minuta\" \/>\n<script type=\"application\/ld+json\" class=\"yoast-schema-graph\">{\"@context\":\"https:\/\/schema.org\",\"@graph\":[{\"@type\":\"WebPage\",\"@id\":\"https:\/\/www.ltcpardubice.cz\/?page_id=2000\",\"url\":\"https:\/\/www.ltcpardubice.cz\/?page_id=2000\",\"name\":\"Minitenis - LTC Pardubice\",\"isPartOf\":{\"@id\":\"https:\/\/www.ltcpardubice.cz\/#website\"},\"primaryImageOfPage\":{\"@id\":\"https:\/\/www.ltcpardubice.cz\/?page_id=2000#primaryimage\"},\"image\":{\"@id\":\"https:\/\/www.ltcpardubice.cz\/?page_id=2000#primaryimage\"},\"thumbnailUrl\":\"https:\/\/www.ltcpardubice.cz\/wp-content\/uploads\/brizy\/imgs\/minitenis-263x125x0x0x263x125x1598209443.jpg\",\"datePublished\":\"2020-08-23T18:59:41+00:00\",\"dateModified\":\"2026-04-08T07:17:52+00:00\",\"breadcrumb\":{\"@id\":\"https:\/\/www.ltcpardubice.cz\/?page_id=2000#breadcrumb\"},\"inLanguage\":\"cs\",\"potentialAction\":[{\"@type\":\"ReadAction\",\"target\":[\"https:\/\/www.ltcpardubice.cz\/?page_id=2000\"]}]},{\"@type\":\"ImageObject\",\"inLanguage\":\"cs\",\"@id\":\"https:\/\/www.ltcpardubice.cz\/?page_id=2000#primaryimage\",\"url\":\"https:\/\/www.ltcpardubice.cz\/wp-content\/uploads\/brizy\/imgs\/minitenis-263x125x0x0x263x125x1598209443.jpg\",\"contentUrl\":\"https:\/\/www.ltcpardubice.cz\/wp-content\/uploads\/brizy\/imgs\/minitenis-263x125x0x0x263x125x1598209443.jpg\"},{\"@type\":\"BreadcrumbList\",\"@id\":\"https:\/\/www.ltcpardubice.cz\/?page_id=2000#breadcrumb\",\"itemListElement\":[{\"@type\":\"ListItem\",\"position\":1,\"name\":\"Home\",\"item\":\"https:\/\/www.ltcpardubice.cz\/\"},{\"@type\":\"ListItem\",\"position\":2,\"name\":\"Minitenis\"}]},{\"@type\":\"WebSite\",\"@id\":\"https:\/\/www.ltcpardubice.cz\/#website\",\"url\":\"https:\/\/www.ltcpardubice.cz\/\",\"name\":\"LTC Pardubice\",\"description\":\"Str\u00e1nky tenisov\u00e9ho klubu LTC Pardubice\",\"potentialAction\":[{\"@type\":\"SearchAction\",\"target\":{\"@type\":\"EntryPoint\",\"urlTemplate\":\"https:\/\/www.ltcpardubice.cz\/?s={search_term_string}\"},\"query-input\":{\"@type\":\"PropertyValueSpecification\",\"valueRequired\":true,\"valueName\":\"search_term_string\"}}],\"inLanguage\":\"cs\"}]}<\/script>\n<!-- \/ Yoast SEO plugin. -->","yoast_head_json":{"title":"Minitenis - LTC Pardubice","robots":{"index":"index","follow":"follow","max-snippet":"max-snippet:-1","max-image-preview":"max-image-preview:large","max-video-preview":"max-video-preview:-1"},"canonical":"https:\/\/www.ltcpardubice.cz\/?page_id=2000","og_locale":"cs_CZ","og_type":"article","og_title":"Minitenis - LTC Pardubice","og_description":"Minitenis Je ur\u010den pro d\u011bti od cca 4 let, z\u00e1vis\u00ed na vysp\u011blosti d\u00edt\u011bte. N\u00e1bor nov\u00fdch d\u011bt\u00ed prob\u011bhne v dubnu. Tr\u00e9ninky prob\u00edhaj\u00ed v\u011bt\u0161inou 2x t\u00fddn\u011b na dvorci s tvrd\u00fdm povrchem nebo antukou, za nep\u0159\u00edzniv\u00e9ho po\u010das\u00ed v hale, ve skupin\u00e1ch maxim\u00e1ln\u011b 3 d\u011bt\u00ed na dorci pro minitenis (polovina velk\u00e9ho dvorce). Na ja\u0159e bude v\u00fduka prob\u00edhat od poloviny [&hellip;]","og_url":"https:\/\/www.ltcpardubice.cz\/?page_id=2000","og_site_name":"LTC Pardubice","article_modified_time":"2026-04-08T07:17:52+00:00","og_image":[{"url":"https:\/\/www.ltcpardubice.cz\/wp-content\/uploads\/brizy\/imgs\/minitenis-263x125x0x0x263x125x1598209443.jpg","type":"","width":"","height":""}],"twitter_card":"summary_large_image","twitter_misc":{"Odhadovan\u00e1 doba \u010dten\u00ed":"1 minuta"},"schema":{"@context":"https:\/\/schema.org","@graph":[{"@type":"WebPage","@id":"https:\/\/www.ltcpardubice.cz\/?page_id=2000","url":"https:\/\/www.ltcpardubice.cz\/?page_id=2000","name":"Minitenis - LTC Pardubice","isPartOf":{"@id":"https:\/\/www.ltcpardubice.cz\/#website"},"primaryImageOfPage":{"@id":"https:\/\/www.ltcpardubice.cz\/?page_id=2000#primaryimage"},"image":{"@id":"https:\/\/www.ltcpardubice.cz\/?page_id=2000#primaryimage"},"thumbnailUrl":"https:\/\/www.ltcpardubice.cz\/wp-content\/uploads\/brizy\/imgs\/minitenis-263x125x0x0x263x125x1598209443.jpg","datePublished":"2020-08-23T18:59:41+00:00","dateModified":"2026-04-08T07:17:52+00:00","breadcrumb":{"@id":"https:\/\/www.ltcpardubice.cz\/?page_id=2000#breadcrumb"},"inLanguage":"cs","potentialAction":[{"@type":"ReadAction","target":["https:\/\/www.ltcpardubice.cz\/?page_id=2000"]}]},{"@type":"ImageObject","inLanguage":"cs","@id":"https:\/\/www.ltcpardubice.cz\/?page_id=2000#primaryimage","url":"https:\/\/www.ltcpardubice.cz\/wp-content\/uploads\/brizy\/imgs\/minitenis-263x125x0x0x263x125x1598209443.jpg","contentUrl":"https:\/\/www.ltcpardubice.cz\/wp-content\/uploads\/brizy\/imgs\/minitenis-263x125x0x0x263x125x1598209443.jpg"},{"@type":"BreadcrumbList","@id":"https:\/\/www.ltcpardubice.cz\/?page_id=2000#breadcrumb","itemListElement":[{"@type":"ListItem","position":1,"name":"Home","item":"https:\/\/www.ltcpardubice.cz\/"},{"@type":"ListItem","position":2,"name":"Minitenis"}]},{"@type":"WebSite","@id":"https:\/\/www.ltcpardubice.cz\/#website","url":"https:\/\/www.ltcpardubice.cz\/","name":"LTC Pardubice","description":"Str\u00e1nky tenisov\u00e9ho klubu LTC Pardubice","potentialAction":[{"@type":"SearchAction","target":{"@type":"EntryPoint","urlTemplate":"https:\/\/www.ltcpardubice.cz\/?s={search_term_string}"},"query-input":{"@type":"PropertyValueSpecification","valueRequired":true,"valueName":"search_term_string"}}],"inLanguage":"cs"}]}},"brizy_media":[{"id":2030,"url":"https:\/\/www.ltcpardubice.cz\/wp-content\/uploads\/2020\/08\/minitenis.jpg","name":"minitenis.jpg","meta":{"brizy_attachment_uid":"wp-6b4dff7d4c57e7dad064eeb1e96fa2e4.jpg","brizy_post_uid":["e31165aeb126f35aa240d8b4460994c3"]}},{"id":2035,"url":"https:\/\/www.ltcpardubice.cz\/wp-content\/uploads\/2020\/08\/minikniha.jpg","name":"minikniha.jpg","meta":{"brizy_attachment_uid":"wp-25972a13a41bdca331a1c48d554b4209.jpg","brizy_post_uid":["e31165aeb126f35aa240d8b4460994c3"]}},{"id":2053,"url":"https:\/\/www.ltcpardubice.cz\/wp-content\/uploads\/2020\/08\/micemini.jpg","name":"micemini.jpg","meta":{"brizy_attachment_uid":"wp-b96508e0bfc254c51d9e0239f0f64abf.jpg","brizy_post_uid":["e31165aeb126f35aa240d8b4460994c3"]}},{"id":2069,"url":"https:\/\/www.ltcpardubice.cz\/wp-content\/uploads\/2020\/08\/mini2.jpg","name":"mini2.jpg","meta":{"brizy_attachment_uid":"wp-a234ab800a1275a0e58785c221bcb3b5.jpg","brizy_post_uid":["e31165aeb126f35aa240d8b4460994c3"]}},{"id":2070,"url":"https:\/\/www.ltcpardubice.cz\/wp-content\/uploads\/2020\/08\/mini3.jpg","name":"mini3.jpg","meta":{"brizy_attachment_uid":"wp-074e0d1180f46f265c25de42c149f2a3.jpg","brizy_post_uid":["e31165aeb126f35aa240d8b4460994c3","4fccb175379e9c8a0d66ad47be8170d4"]}},{"id":2071,"url":"https:\/\/www.ltcpardubice.cz\/wp-content\/uploads\/2020\/08\/mini4.jpg","name":"mini4.jpg","meta":{"brizy_attachment_uid":"wp-9c710ceacbae6e52a753e624805d2b58.jpg","brizy_post_uid":["e31165aeb126f35aa240d8b4460994c3","4fccb175379e9c8a0d66ad47be8170d4"]}}],"_links":{"self":[{"href":"https:\/\/www.ltcpardubice.cz\/index.php?rest_route=\/wp\/v2\/pages\/2000"}],"collection":[{"href":"https:\/\/www.ltcpardubice.cz\/index.php?rest_route=\/wp\/v2\/pages"}],"about":[{"href":"https:\/\/www.ltcpardubice.cz\/index.php?rest_route=\/wp\/v2\/types\/page"}],"author":[{"embeddable":true,"href":"https:\/\/www.ltcpardubice.cz\/index.php?rest_route=\/wp\/v2\/users\/1"}],"replies":[{"embeddable":true,"href":"https:\/\/www.ltcpardubice.cz\/index.php?rest_route=%2Fwp%2Fv2%2Fcomments&post=2000"}],"version-history":[{"count":17,"href":"https:\/\/www.ltcpardubice.cz\/index.php?rest_route=\/wp\/v2\/pages\/2000\/revisions"}],"predecessor-version":[{"id":6112,"href":"https:\/\/www.ltcpardubice.cz\/index.php?rest_route=\/wp\/v2\/pages\/2000\/revisions\/6112"}],"wp:attachment":[{"href":"https:\/\/www.ltcpardubice.cz\/index.php?rest_route=%2Fwp%2Fv2%2Fmedia&parent=2000"}],"curies":[{"name":"wp","href":"https:\/\/api.w.org\/{rel}","templated":true}]}}