{"id":2153,"date":"2020-08-23T19:20:42","date_gmt":"2020-08-23T19:20:42","guid":{"rendered":"https:\/\/d.wbsprt.com\/ltcpardubice.cz\/?page_id=2153"},"modified":"2026-04-07T09:29:32","modified_gmt":"2026-04-07T09:29:32","slug":"letni-kempy","status":"publish","type":"page","link":"https:\/\/www.ltcpardubice.cz\/?page_id=2153","title":{"rendered":"Letn\u00ed kempy"},"content":{"rendered":"<div class=\"brz-root__container brz-reset-all brz brz-root__container-page\">\n<section id=\"_mjxkzykmklncltweazxambgriyadkrvzrops\" class=\"brz-section brz-css-zkr318\">\n<div class=\"brz-section__content brz-section--boxed brz-css-1aiu3od brz-css-6o1orz\" data-brz-custom-id=\"hqamcurdwigaubhzgtgzxwhlbbbraklzrqmw\">\n<div class=\"brz-container brz-css-1pn1qw7\">\n<div id=\"\" class=\"brz-css-1pbirsz brz-wrapper\">\n<div class=\"brz-rich-text brz-rich-text__custom brz-css-k4dchg\" data-brz-custom-id=\"cmbxzkdecwkawgieskwhijtgiotehovlghko\">\n<div data-brz-translate-text=\"1\">\n<p class=\"brz-tp-heading1 brz-css-tn7Nl\"><span class=\"brz-cp-color7\">Letn\u00ed kempy <\/span><\/p>\n<\/div>\n<\/div>\n<\/div>\n<div id=\"\" class=\"brz-css-1pbirsz brz-wrapper\">\n<div class=\"brz-rich-text brz-rich-text__custom brz-css-k4dchg\" data-brz-custom-id=\"zjnzqnmtjxucmmzkhgedmtktjwbhbuqnbtcv\">\n<div data-brz-translate-text=\"1\">\n<p class=\"brz-tp-paragraph brz-css-h6EW6\"><strong class=\"brz-cp-color7\">P\u0159edpokl\u00e1dan\u00e9 term\u00edny kemp\u016f 2021:<\/strong><\/p>\n<p class=\"brz-tp-paragraph brz-css-byRN9\"><strong class=\"brz-cp-color7\"> <\/strong><\/p>\n<p class=\"brz-tp-paragraph brz-css-f3iJ0\"><span class=\"brz-cp-color7\">Omlouv\u00e1me se, str\u00e1nka se p\u0159ipravuje. <\/span><\/p>\n<\/div>\n<\/div>\n<\/div>\n<\/div>\n<\/div>\n<\/section>\n<\/div>\n<p>    <!-- version:1737002257 --><\/p>\n","protected":false},"excerpt":{"rendered":"<p>Letn\u00ed kempy P\u0159edpokl\u00e1dan\u00e9 term\u00edny kemp\u016f 2021: Omlouv\u00e1me se, str\u00e1nka se p\u0159ipravuje.<\/p>\n","protected":false},"author":1,"featured_media":0,"parent":0,"menu_order":0,"comment_status":"closed","ping_status":"closed","template":"brizy-blank-template.php","meta":{"_monsterinsights_skip_tracking":false,"_monsterinsights_sitenote_active":false,"_monsterinsights_sitenote_note":"","_monsterinsights_sitenote_category":0,"footnotes":""},"yoast_head":"<!-- This site is optimized with the Yoast SEO plugin v24.5 - https:\/\/yoast.com\/wordpress\/plugins\/seo\/ -->\n<title>Letn\u00ed kempy - LTC Pardubice<\/title>\n<meta name=\"robots\" content=\"index, follow, max-snippet:-1, max-image-preview:large, max-video-preview:-1\" \/>\n<link rel=\"canonical\" href=\"https:\/\/www.ltcpardubice.cz\/?page_id=2153\" \/>\n<meta property=\"og:locale\" content=\"cs_CZ\" \/>\n<meta property=\"og:type\" content=\"article\" \/>\n<meta property=\"og:title\" content=\"Letn\u00ed kempy - LTC Pardubice\" \/>\n<meta property=\"og:description\" content=\"Letn\u00ed kempy P\u0159edpokl\u00e1dan\u00e9 term\u00edny kemp\u016f 2021: Omlouv\u00e1me se, str\u00e1nka se p\u0159ipravuje.\" \/>\n<meta property=\"og:url\" content=\"https:\/\/www.ltcpardubice.cz\/?page_id=2153\" \/>\n<meta property=\"og:site_name\" content=\"LTC Pardubice\" \/>\n<meta property=\"article:modified_time\" content=\"2026-04-07T09:29:32+00:00\" \/>\n<meta name=\"twitter:card\" content=\"summary_large_image\" \/>\n<script type=\"application\/ld+json\" class=\"yoast-schema-graph\">{\"@context\":\"https:\/\/schema.org\",\"@graph\":[{\"@type\":\"WebPage\",\"@id\":\"https:\/\/www.ltcpardubice.cz\/?page_id=2153\",\"url\":\"https:\/\/www.ltcpardubice.cz\/?page_id=2153\",\"name\":\"Letn\u00ed kempy - LTC Pardubice\",\"isPartOf\":{\"@id\":\"https:\/\/www.ltcpardubice.cz\/#website\"},\"datePublished\":\"2020-08-23T19:20:42+00:00\",\"dateModified\":\"2026-04-07T09:29:32+00:00\",\"breadcrumb\":{\"@id\":\"https:\/\/www.ltcpardubice.cz\/?page_id=2153#breadcrumb\"},\"inLanguage\":\"cs\",\"potentialAction\":[{\"@type\":\"ReadAction\",\"target\":[\"https:\/\/www.ltcpardubice.cz\/?page_id=2153\"]}]},{\"@type\":\"BreadcrumbList\",\"@id\":\"https:\/\/www.ltcpardubice.cz\/?page_id=2153#breadcrumb\",\"itemListElement\":[{\"@type\":\"ListItem\",\"position\":1,\"name\":\"Home\",\"item\":\"https:\/\/www.ltcpardubice.cz\/\"},{\"@type\":\"ListItem\",\"position\":2,\"name\":\"Letn\u00ed kempy\"}]},{\"@type\":\"WebSite\",\"@id\":\"https:\/\/www.ltcpardubice.cz\/#website\",\"url\":\"https:\/\/www.ltcpardubice.cz\/\",\"name\":\"LTC Pardubice\",\"description\":\"Str\u00e1nky tenisov\u00e9ho klubu LTC Pardubice\",\"potentialAction\":[{\"@type\":\"SearchAction\",\"target\":{\"@type\":\"EntryPoint\",\"urlTemplate\":\"https:\/\/www.ltcpardubice.cz\/?s={search_term_string}\"},\"query-input\":{\"@type\":\"PropertyValueSpecification\",\"valueRequired\":true,\"valueName\":\"search_term_string\"}}],\"inLanguage\":\"cs\"}]}<\/script>\n<!-- \/ Yoast SEO plugin. -->","yoast_head_json":{"title":"Letn\u00ed kempy - LTC Pardubice","robots":{"index":"index","follow":"follow","max-snippet":"max-snippet:-1","max-image-preview":"max-image-preview:large","max-video-preview":"max-video-preview:-1"},"canonical":"https:\/\/www.ltcpardubice.cz\/?page_id=2153","og_locale":"cs_CZ","og_type":"article","og_title":"Letn\u00ed kempy - LTC Pardubice","og_description":"Letn\u00ed kempy P\u0159edpokl\u00e1dan\u00e9 term\u00edny kemp\u016f 2021: Omlouv\u00e1me se, str\u00e1nka se p\u0159ipravuje.","og_url":"https:\/\/www.ltcpardubice.cz\/?page_id=2153","og_site_name":"LTC Pardubice","article_modified_time":"2026-04-07T09:29:32+00:00","twitter_card":"summary_large_image","schema":{"@context":"https:\/\/schema.org","@graph":[{"@type":"WebPage","@id":"https:\/\/www.ltcpardubice.cz\/?page_id=2153","url":"https:\/\/www.ltcpardubice.cz\/?page_id=2153","name":"Letn\u00ed kempy - LTC Pardubice","isPartOf":{"@id":"https:\/\/www.ltcpardubice.cz\/#website"},"datePublished":"2020-08-23T19:20:42+00:00","dateModified":"2026-04-07T09:29:32+00:00","breadcrumb":{"@id":"https:\/\/www.ltcpardubice.cz\/?page_id=2153#breadcrumb"},"inLanguage":"cs","potentialAction":[{"@type":"ReadAction","target":["https:\/\/www.ltcpardubice.cz\/?page_id=2153"]}]},{"@type":"BreadcrumbList","@id":"https:\/\/www.ltcpardubice.cz\/?page_id=2153#breadcrumb","itemListElement":[{"@type":"ListItem","position":1,"name":"Home","item":"https:\/\/www.ltcpardubice.cz\/"},{"@type":"ListItem","position":2,"name":"Letn\u00ed kempy"}]},{"@type":"WebSite","@id":"https:\/\/www.ltcpardubice.cz\/#website","url":"https:\/\/www.ltcpardubice.cz\/","name":"LTC Pardubice","description":"Str\u00e1nky tenisov\u00e9ho klubu LTC Pardubice","potentialAction":[{"@type":"SearchAction","target":{"@type":"EntryPoint","urlTemplate":"https:\/\/www.ltcpardubice.cz\/?s={search_term_string}"},"query-input":{"@type":"PropertyValueSpecification","valueRequired":true,"valueName":"search_term_string"}}],"inLanguage":"cs"}]}},"brizy_media":[],"_links":{"self":[{"href":"https:\/\/www.ltcpardubice.cz\/index.php?rest_route=\/wp\/v2\/pages\/2153"}],"collection":[{"href":"https:\/\/www.ltcpardubice.cz\/index.php?rest_route=\/wp\/v2\/pages"}],"about":[{"href":"https:\/\/www.ltcpardubice.cz\/index.php?rest_route=\/wp\/v2\/types\/page"}],"author":[{"embeddable":true,"href":"https:\/\/www.ltcpardubice.cz\/index.php?rest_route=\/wp\/v2\/users\/1"}],"replies":[{"embeddable":true,"href":"https:\/\/www.ltcpardubice.cz\/index.php?rest_route=%2Fwp%2Fv2%2Fcomments&post=2153"}],"version-history":[{"count":14,"href":"https:\/\/www.ltcpardubice.cz\/index.php?rest_route=\/wp\/v2\/pages\/2153\/revisions"}],"predecessor-version":[{"id":6109,"href":"https:\/\/www.ltcpardubice.cz\/index.php?rest_route=\/wp\/v2\/pages\/2153\/revisions\/6109"}],"wp:attachment":[{"href":"https:\/\/www.ltcpardubice.cz\/index.php?rest_route=%2Fwp%2Fv2%2Fmedia&parent=2153"}],"curies":[{"name":"wp","href":"https:\/\/api.w.org\/{rel}","templated":true}]}}