{"id":246,"date":"2020-06-15T15:01:16","date_gmt":"2020-06-15T15:01:16","guid":{"rendered":"https:\/\/d.wbsprt.com\/ltcpardubice.cz\/?page_id=246"},"modified":"2026-05-06T06:00:51","modified_gmt":"2026-05-06T06:00:51","slug":"kontakt","status":"publish","type":"page","link":"https:\/\/www.ltcpardubice.cz\/?page_id=246","title":{"rendered":"Kontakt"},"content":{"rendered":"<div class=\"brz-root__container brz-reset-all brz brz-root__container-page\">\n<section id=\"_uoedpolnkqkskjmpnaatmnyisdcfalxcjqok\" class=\"brz-section brz-css-161zea6\">\n<div class=\"brz-section__content brz-section--boxed brz-css-b7snjg brz-css-1oy6ro7\" data-brz-custom-id=\"msqujyzqvxaxgtdrstovqputxmzjwksetngh\">\n<div class=\"brz-container brz-css-1t33gg9\">\n<div id=\"\" class=\"brz-css-1l63wq brz-wrapper\">\n<div class=\"brz-rich-text brz-rich-text__custom brz-css-1aqnsqe\" data-brz-custom-id=\"jazyvbxbcsyvjnednzajmejnjqhnalvkcmoy\">\n<div data-brz-translate-text=\"1\">\n<p class=\"brz-tp-paragraph brz-text-lg-center brz-css-wR1_A\"><span class=\"brz-cp-color7\"> <\/span><span>LTC Pardubice<\/span><\/p>\n<p class=\"brz-tp-paragraph brz-text-lg-center brz-css-xsaqd\"><span class=\"brz-cp-color7\">Labsk\u00e1 15<\/span><\/p>\n<p class=\"brz-tp-paragraph brz-text-lg-center brz-css-vK_i5\"><span class=\"brz-cp-color7\">Pardubice53002<\/span><\/p>\n<p class=\"brz-tp-paragraph brz-bcp-color7 brz-text-lg-center brz-css-ndq3T\"><span class=\"brz-cp-color7\">777341301<\/span><\/p>\n<p class=\"brz-tp-paragraph brz-bcp-color7 brz-text-lg-center brz-css-vAA8N\"><span class=\"brz-cp-color7\">ltcpce@seznam.cz <\/span><\/p>\n<\/div>\n<\/div>\n<\/div>\n<div class=\"brz-wrapper-clone brz-css-buljg2\">\n<div class=\"brz-d-xs-flex brz-flex-xs-wrap brz-css-3n3xzh\" data-brz-custom-id=\"\">\n<div class=\"brz-wrapper-clone__item\" id=\"whhrarqxebivwopmaktobnezsisrhhlqxkpn\">\n<div class=\"brz-icon__container\" data-brz-custom-id=\"whhrarqxebivwopmaktobnezsisrhhlqxkpn\"><span class=\"brz-icon brz-span brz-css-1oa0529 brz-css-1llw4p6\"><\/span><\/div>\n<\/div>\n<\/div>\n<\/div>\n<\/div>\n<\/div>\n<\/section>\n<section id=\"_vplgllftjitnjrlhpjxcqigntfscncmpggur\" class=\"brz-section brz-css-161zea6\">\n<div class=\"brz-section__content brz-section--boxed brz-css-b7snjg brz-css-h50xf6\" data-brz-custom-id=\"olhcdwtcefuvvfakwvrauklchqplspqeqmbj\">\n<div class=\"brz-container brz-css-1t33gg9\">\n<div id=\"\" class=\"brz-css-1l63wq brz-css-an9mha brz-wrapper\">\n<div class=\"brz-map brz-map_styles brz-css-yg3tzk brz-css-r6ij6l\" data-brz-custom-id=\"pktqvmsurvqzotnmngdcefqwwhomfzerijsb\">\n<div class=\"brz-ui-ed-map-content\"><\/div>\n<\/div>\n<\/div>\n<div id=\"\" class=\"brz-css-1l63wq brz-wrapper\">\n<div class=\"brz-rich-text brz-rich-text__custom brz-css-1aqnsqe\" data-brz-custom-id=\"uricoaaphceowhrobltaqjnyshneylgebbjm\">\n<div data-brz-translate-text=\"1\">\n<p class=\"brz-bcp-color7 brz-text-lg-center brz-lh-lg-1_9 brz-lh-sm-im-1_6 brz-lh-xs-im-1_6 brz-ls-lg-0 brz-ls-sm-im-0 brz-ls-xs-im-0 brz-ff-overpass brz-ft-google brz-fw-lg-400 brz-fw-sm-im-400 brz-fw-xs-im-400 brz-fs-lg-40 brz-fs-sm-im-39 brz-fs-xs-im-39 brz-css-x4zPE\"><strong class=\"brz-cp-color7\">Napi\u0161te n\u00e1m  <\/strong><\/p>\n<\/div>\n<\/div>\n<\/div>\n<div class=\"brz-wrapper-clone brz-css-buljg2\">\n<div class=\"brz-d-xs-flex brz-flex-xs-wrap brz-css-3n3xzh\" data-brz-custom-id=\"\">\n<div class=\"brz-wrapper-clone__item\" id=\"itezjxihsogbncvzkpfwbbepgqedasoehhfh\">\n<div class=\"brz-icon__container\" data-brz-custom-id=\"itezjxihsogbncvzkpfwbbepgqedasoehhfh\"><span class=\"brz-icon brz-span brz-css-1oa0529 brz-css-ztgf3u\"><\/span><\/div>\n<\/div>\n<\/div>\n<\/div>\n<div id=\"\" class=\"brz-css-1l63wq brz-css-7mpd2f brz-wrapper\">\n<div data-brz-form-version=\"2\" class=\"brz-forms2 brz-css-1ytlri8 brz-css-5wwrq\" data-brz-custom-id=\"bpmrifsozwdqwkjhwsofzrazqtjiinxwodyz\">\n<div data-brz-translate-text=\"1\" class=\"brz-forms2__item brz-css-133b4dj brz-css-n75n8s brz-css-13rt5rr brz-css-10ej7zl\"><\/div>\n<div data-brz-translate-text=\"1\" class=\"brz-forms2__item brz-css-133b4dj brz-css-n75n8s brz-css-13rt5rr brz-css-nt1kn4\"><\/div>\n<div data-brz-translate-text=\"1\" class=\"brz-forms2__item brz-css-133b4dj brz-css-n75n8s brz-css-13rt5rr brz-css-1n2vmm8\"><\/div>\n<div data-brz-translate-text=\"1\" class=\"brz-forms2__item brz-css-133b4dj brz-css-n75n8s brz-css-13rt5rr brz-css-k6epe\"><\/div>\n<div data-brz-translate-text=\"1\" class=\"brz-forms2__item brz-css-133b4dj brz-css-n75n8s brz-css-13rt5rr brz-css-11j8lg4\"><textarea id=\"m7NQG82jMnLU_\" name=\"lrbsjecvacgeondgxbduadyninwqgweqdnpu\" data-brz-type=\"Paragraph\" data-brz-label=\"Text zpr\u00e1vy\" data-brz-placeholder=\"Text zpr\u00e1vy\" class=\"brz-textarea brz-forms2__field brz-forms2__field-paragraph\"><\/textarea><\/div>\n<div class=\"brz-forms2 brz-forms2__item brz-forms2__item-button\" data-brz-custom-id=\"bpmrifsozwdqwkjhwsofzrazqtjiinxwodyz\"><button class=\"brz-btn brz-btn-submit brz-css-dpharf brz-css-9b5dvn\" data-brz-custom-id=\"usncrliluozjlnpqignpvqnsuvawhqekmdit\"><span data-brz-translate-text=\"1\" class=\"brz-span brz-text__editor\">Odeslat<\/span><\/button><\/div>\n<div class=\"brz-g-recaptcha\" data-sitekey=\"\" data-size=\"invisible\" data-callback=\"brzFormV2Captcha\"><\/div>\n<\/div>\n<\/div>\n<\/div>\n<\/div>\n<\/section>\n<\/div>\n<p>    <!-- version:1736957122 --><\/p>\n","protected":false},"excerpt":{"rendered":"<p>LTC Pardubice Labsk\u00e1 15 Pardubice53002 777341301 ltcpce@seznam.cz Napi\u0161te n\u00e1m Odeslat<\/p>\n","protected":false},"author":1,"featured_media":0,"parent":0,"menu_order":0,"comment_status":"closed","ping_status":"closed","template":"brizy-blank-template.php","meta":{"_monsterinsights_skip_tracking":false,"_monsterinsights_sitenote_active":false,"_monsterinsights_sitenote_note":"","_monsterinsights_sitenote_category":0,"footnotes":""},"yoast_head":"<!-- This site is optimized with the Yoast SEO plugin v24.5 - https:\/\/yoast.com\/wordpress\/plugins\/seo\/ -->\n<title>Kontakt - LTC Pardubice<\/title>\n<meta name=\"robots\" content=\"index, follow, max-snippet:-1, max-image-preview:large, max-video-preview:-1\" \/>\n<link rel=\"canonical\" href=\"https:\/\/www.ltcpardubice.cz\/?page_id=246\" \/>\n<meta property=\"og:locale\" content=\"cs_CZ\" \/>\n<meta property=\"og:type\" content=\"article\" \/>\n<meta property=\"og:title\" content=\"Kontakt - LTC Pardubice\" \/>\n<meta property=\"og:description\" content=\"LTC Pardubice Labsk\u00e1 15 Pardubice53002 777341301 ltcpce@seznam.cz Napi\u0161te n\u00e1m Odeslat\" \/>\n<meta property=\"og:url\" content=\"https:\/\/www.ltcpardubice.cz\/?page_id=246\" \/>\n<meta property=\"og:site_name\" content=\"LTC Pardubice\" \/>\n<meta property=\"article:modified_time\" content=\"2026-05-06T06:00:51+00:00\" \/>\n<meta name=\"twitter:card\" content=\"summary_large_image\" \/>\n<script type=\"application\/ld+json\" class=\"yoast-schema-graph\">{\"@context\":\"https:\/\/schema.org\",\"@graph\":[{\"@type\":\"WebPage\",\"@id\":\"https:\/\/www.ltcpardubice.cz\/?page_id=246\",\"url\":\"https:\/\/www.ltcpardubice.cz\/?page_id=246\",\"name\":\"Kontakt - LTC Pardubice\",\"isPartOf\":{\"@id\":\"https:\/\/www.ltcpardubice.cz\/#website\"},\"datePublished\":\"2020-06-15T15:01:16+00:00\",\"dateModified\":\"2026-05-06T06:00:51+00:00\",\"breadcrumb\":{\"@id\":\"https:\/\/www.ltcpardubice.cz\/?page_id=246#breadcrumb\"},\"inLanguage\":\"cs\",\"potentialAction\":[{\"@type\":\"ReadAction\",\"target\":[\"https:\/\/www.ltcpardubice.cz\/?page_id=246\"]}]},{\"@type\":\"BreadcrumbList\",\"@id\":\"https:\/\/www.ltcpardubice.cz\/?page_id=246#breadcrumb\",\"itemListElement\":[{\"@type\":\"ListItem\",\"position\":1,\"name\":\"Home\",\"item\":\"https:\/\/www.ltcpardubice.cz\/\"},{\"@type\":\"ListItem\",\"position\":2,\"name\":\"Kontakt\"}]},{\"@type\":\"WebSite\",\"@id\":\"https:\/\/www.ltcpardubice.cz\/#website\",\"url\":\"https:\/\/www.ltcpardubice.cz\/\",\"name\":\"LTC Pardubice\",\"description\":\"Str\u00e1nky tenisov\u00e9ho klubu LTC Pardubice\",\"potentialAction\":[{\"@type\":\"SearchAction\",\"target\":{\"@type\":\"EntryPoint\",\"urlTemplate\":\"https:\/\/www.ltcpardubice.cz\/?s={search_term_string}\"},\"query-input\":{\"@type\":\"PropertyValueSpecification\",\"valueRequired\":true,\"valueName\":\"search_term_string\"}}],\"inLanguage\":\"cs\"}]}<\/script>\n<!-- \/ Yoast SEO plugin. -->","yoast_head_json":{"title":"Kontakt - LTC Pardubice","robots":{"index":"index","follow":"follow","max-snippet":"max-snippet:-1","max-image-preview":"max-image-preview:large","max-video-preview":"max-video-preview:-1"},"canonical":"https:\/\/www.ltcpardubice.cz\/?page_id=246","og_locale":"cs_CZ","og_type":"article","og_title":"Kontakt - LTC Pardubice","og_description":"LTC Pardubice Labsk\u00e1 15 Pardubice53002 777341301 ltcpce@seznam.cz Napi\u0161te n\u00e1m Odeslat","og_url":"https:\/\/www.ltcpardubice.cz\/?page_id=246","og_site_name":"LTC Pardubice","article_modified_time":"2026-05-06T06:00:51+00:00","twitter_card":"summary_large_image","schema":{"@context":"https:\/\/schema.org","@graph":[{"@type":"WebPage","@id":"https:\/\/www.ltcpardubice.cz\/?page_id=246","url":"https:\/\/www.ltcpardubice.cz\/?page_id=246","name":"Kontakt - LTC Pardubice","isPartOf":{"@id":"https:\/\/www.ltcpardubice.cz\/#website"},"datePublished":"2020-06-15T15:01:16+00:00","dateModified":"2026-05-06T06:00:51+00:00","breadcrumb":{"@id":"https:\/\/www.ltcpardubice.cz\/?page_id=246#breadcrumb"},"inLanguage":"cs","potentialAction":[{"@type":"ReadAction","target":["https:\/\/www.ltcpardubice.cz\/?page_id=246"]}]},{"@type":"BreadcrumbList","@id":"https:\/\/www.ltcpardubice.cz\/?page_id=246#breadcrumb","itemListElement":[{"@type":"ListItem","position":1,"name":"Home","item":"https:\/\/www.ltcpardubice.cz\/"},{"@type":"ListItem","position":2,"name":"Kontakt"}]},{"@type":"WebSite","@id":"https:\/\/www.ltcpardubice.cz\/#website","url":"https:\/\/www.ltcpardubice.cz\/","name":"LTC Pardubice","description":"Str\u00e1nky tenisov\u00e9ho klubu LTC Pardubice","potentialAction":[{"@type":"SearchAction","target":{"@type":"EntryPoint","urlTemplate":"https:\/\/www.ltcpardubice.cz\/?s={search_term_string}"},"query-input":{"@type":"PropertyValueSpecification","valueRequired":true,"valueName":"search_term_string"}}],"inLanguage":"cs"}]}},"brizy_media":[{"id":34,"url":"https:\/\/www.ltcpardubice.cz\/wp-content\/uploads\/2020\/05\/shutter-tenis-tennis-raketa-651.jpg","name":"shutter-tenis-tennis-raketa-651.jpg","meta":{"brizy_attachment_uid":"wp-2df45b11eba7d4cb456904a26a94690f","brizy_post_uid":["12faf53a9388ba35215d88503130e9b0"]}},{"id":39,"url":"https:\/\/www.ltcpardubice.cz\/wp-content\/uploads\/2020\/05\/shutter-tenis-tennis-raketa-651-1.jpg","name":"shutter-tenis-tennis-raketa-651-1.jpg","meta":{"brizy_attachment_uid":"wp-6ccbcf8a980d096823804d55423a93ab","brizy_post_uid":["cb99693d98c933a5ef34b0d26f1e2bfe","12faf53a9388ba35215d88503130e9b0"]}},{"id":219,"url":"https:\/\/www.ltcpardubice.cz\/wp-content\/uploads\/brizy\/23\/assets\/images\/b731902c6bf15805972db395c1ec4670.png","name":"b731902c6bf15805972db395c1ec4670.png","meta":{"brizy_attachment_uid":"b731902c6bf15805972db395c1ec4670.png","brizy_post_uid":["12faf53a9388ba35215d88503130e9b0"]}},{"id":355,"url":"https:\/\/www.ltcpardubice.cz\/wp-content\/uploads\/brizy\/246\/assets\/images\/d03-phones-mock.png","name":"d03-phones-mock.png","meta":{"brizy_attachment_uid":"d03-phones-mock.png","brizy_post_uid":["12faf53a9388ba35215d88503130e9b0"]}},{"id":359,"url":"https:\/\/www.ltcpardubice.cz\/wp-content\/uploads\/brizy\/246\/assets\/images\/d03-XR.png","name":"d03-XR.png","meta":{"brizy_attachment_uid":"d03-XR.png","brizy_post_uid":["12faf53a9388ba35215d88503130e9b0"]}},{"id":434,"url":"https:\/\/www.ltcpardubice.cz\/wp-content\/uploads\/2020\/06\/ltcpardubice.jpeg","name":"ltcpardubice.jpeg","meta":{"brizy_attachment_uid":"wp-c5e3007a2f0267e46c10b8509ad1d950","brizy_post_uid":["12faf53a9388ba35215d88503130e9b0","cb99693d98c933a5ef34b0d26f1e2bfe"]}}],"_links":{"self":[{"href":"https:\/\/www.ltcpardubice.cz\/index.php?rest_route=\/wp\/v2\/pages\/246"}],"collection":[{"href":"https:\/\/www.ltcpardubice.cz\/index.php?rest_route=\/wp\/v2\/pages"}],"about":[{"href":"https:\/\/www.ltcpardubice.cz\/index.php?rest_route=\/wp\/v2\/types\/page"}],"author":[{"embeddable":true,"href":"https:\/\/www.ltcpardubice.cz\/index.php?rest_route=\/wp\/v2\/users\/1"}],"replies":[{"embeddable":true,"href":"https:\/\/www.ltcpardubice.cz\/index.php?rest_route=%2Fwp%2Fv2%2Fcomments&post=246"}],"version-history":[{"count":30,"href":"https:\/\/www.ltcpardubice.cz\/index.php?rest_route=\/wp\/v2\/pages\/246\/revisions"}],"predecessor-version":[{"id":6105,"href":"https:\/\/www.ltcpardubice.cz\/index.php?rest_route=\/wp\/v2\/pages\/246\/revisions\/6105"}],"wp:attachment":[{"href":"https:\/\/www.ltcpardubice.cz\/index.php?rest_route=%2Fwp%2Fv2%2Fmedia&parent=246"}],"curies":[{"name":"wp","href":"https:\/\/api.w.org\/{rel}","templated":true}]}}