{"id":2561,"date":"2020-08-24T18:49:42","date_gmt":"2020-08-24T18:49:42","guid":{"rendered":"https:\/\/d.wbsprt.com\/ltcpardubice.cz\/?page_id=2561"},"modified":"2026-04-07T03:20:18","modified_gmt":"2026-04-07T03:20:18","slug":"turnaje-na-ltc-2020","status":"publish","type":"page","link":"https:\/\/www.ltcpardubice.cz\/?page_id=2561","title":{"rendered":"Turnaje na LTC 2025"},"content":{"rendered":"<div class=\"brz-root__container brz-reset-all brz brz-root__container-page\">\n<section id=\"432075dcbbb94e8b08f6_fqshufibeumrvfnnrvarbgrrzrueuossioog\" class=\"brz-section brz-css-lh31az\">\n<div class=\"brz-section__content brz-section--boxed brz-css-hb0xo6\" data-brz-custom-id=\"jatxypovfcdvqfzjiavfebmmhhnlcjdwpmrb\">\n<div class=\"brz-container brz-css-16txmvn\">\n<div id=\"\" class=\"brz-css-1x085zi brz-wrapper\">\n<div class=\"brz-rich-text brz-rich-text__custom brz-css-lipd7g\" data-brz-custom-id=\"rrxhcaaqwqsobqczynjfsbwczwxjcwtcfntt\">\n<div data-brz-translate-text=\"1\">\n<p class=\"brz-tp-lg-heading1 brz-css-lN7cV\" data-generated-css=\"brz-css-jTrQi\" data-uniq-id=\"zJ1_h\"><span class=\"brz-cp-color7\">Pl\u00e1novan\u00e9 turnaje 2025<\/span><\/p>\n<\/div>\n<\/div>\n<\/div>\n<div id=\"\" class=\"brz-css-1x085zi brz-wrapper\">\n<div class=\"brz-rich-text brz-rich-text__custom brz-css-lipd7g\" data-brz-custom-id=\"wilqvkduetxpgeidozziekphpgkfpruadowv\">\n<div data-brz-translate-text=\"1\">\n<p class=\"brz-tp-lg-paragraph brz-bcp-color7 brz-css-nbclN\" data-uniq-id=\"dFBm2\" data-generated-css=\"brz-css-oaLV5\"><\/p>\n<p class=\"brz-tp-lg-paragraph brz-css-zAFCV\" data-uniq-id=\"qF4AU\" data-generated-css=\"brz-css-xYF3b\"><span class=\"brz-cp-color7\"> <\/span><\/p>\n<\/div>\n<\/div>\n<\/div>\n<\/div>\n<\/div>\n<\/section>\n<\/div>\n<p>    <!-- version:1740247363 --><\/p>\n","protected":false},"excerpt":{"rendered":"<p>Pl\u00e1novan\u00e9 turnaje 2025<\/p>\n","protected":false},"author":1,"featured_media":0,"parent":0,"menu_order":0,"comment_status":"closed","ping_status":"closed","template":"brizy-blank-template.php","meta":{"_monsterinsights_skip_tracking":false,"_monsterinsights_sitenote_active":false,"_monsterinsights_sitenote_note":"","_monsterinsights_sitenote_category":0,"footnotes":""},"yoast_head":"<!-- This site is optimized with the Yoast SEO plugin v24.5 - https:\/\/yoast.com\/wordpress\/plugins\/seo\/ -->\n<title>Turnaje na LTC 2025 - LTC Pardubice<\/title>\n<meta name=\"robots\" content=\"index, follow, max-snippet:-1, max-image-preview:large, max-video-preview:-1\" \/>\n<link rel=\"canonical\" href=\"https:\/\/www.ltcpardubice.cz\/?page_id=2561\" \/>\n<meta property=\"og:locale\" content=\"cs_CZ\" \/>\n<meta property=\"og:type\" content=\"article\" \/>\n<meta property=\"og:title\" content=\"Turnaje na LTC 2025 - LTC Pardubice\" \/>\n<meta property=\"og:description\" content=\"Pl\u00e1novan\u00e9 turnaje 2025\" \/>\n<meta property=\"og:url\" content=\"https:\/\/www.ltcpardubice.cz\/?page_id=2561\" \/>\n<meta property=\"og:site_name\" content=\"LTC Pardubice\" \/>\n<meta property=\"article:modified_time\" content=\"2026-04-07T03:20:18+00:00\" \/>\n<meta name=\"twitter:card\" content=\"summary_large_image\" \/>\n<meta name=\"twitter:label1\" content=\"Odhadovan\u00e1 doba \u010dten\u00ed\" \/>\n\t<meta name=\"twitter:data1\" content=\"1 minuta\" \/>\n<script type=\"application\/ld+json\" class=\"yoast-schema-graph\">{\"@context\":\"https:\/\/schema.org\",\"@graph\":[{\"@type\":\"WebPage\",\"@id\":\"https:\/\/www.ltcpardubice.cz\/?page_id=2561\",\"url\":\"https:\/\/www.ltcpardubice.cz\/?page_id=2561\",\"name\":\"Turnaje na LTC 2025 - LTC Pardubice\",\"isPartOf\":{\"@id\":\"https:\/\/www.ltcpardubice.cz\/#website\"},\"datePublished\":\"2020-08-24T18:49:42+00:00\",\"dateModified\":\"2026-04-07T03:20:18+00:00\",\"breadcrumb\":{\"@id\":\"https:\/\/www.ltcpardubice.cz\/?page_id=2561#breadcrumb\"},\"inLanguage\":\"cs\",\"potentialAction\":[{\"@type\":\"ReadAction\",\"target\":[\"https:\/\/www.ltcpardubice.cz\/?page_id=2561\"]}]},{\"@type\":\"BreadcrumbList\",\"@id\":\"https:\/\/www.ltcpardubice.cz\/?page_id=2561#breadcrumb\",\"itemListElement\":[{\"@type\":\"ListItem\",\"position\":1,\"name\":\"Home\",\"item\":\"https:\/\/www.ltcpardubice.cz\/\"},{\"@type\":\"ListItem\",\"position\":2,\"name\":\"Turnaje na LTC 2025\"}]},{\"@type\":\"WebSite\",\"@id\":\"https:\/\/www.ltcpardubice.cz\/#website\",\"url\":\"https:\/\/www.ltcpardubice.cz\/\",\"name\":\"LTC Pardubice\",\"description\":\"Str\u00e1nky tenisov\u00e9ho klubu LTC Pardubice\",\"potentialAction\":[{\"@type\":\"SearchAction\",\"target\":{\"@type\":\"EntryPoint\",\"urlTemplate\":\"https:\/\/www.ltcpardubice.cz\/?s={search_term_string}\"},\"query-input\":{\"@type\":\"PropertyValueSpecification\",\"valueRequired\":true,\"valueName\":\"search_term_string\"}}],\"inLanguage\":\"cs\"}]}<\/script>\n<!-- \/ Yoast SEO plugin. -->","yoast_head_json":{"title":"Turnaje na LTC 2025 - LTC Pardubice","robots":{"index":"index","follow":"follow","max-snippet":"max-snippet:-1","max-image-preview":"max-image-preview:large","max-video-preview":"max-video-preview:-1"},"canonical":"https:\/\/www.ltcpardubice.cz\/?page_id=2561","og_locale":"cs_CZ","og_type":"article","og_title":"Turnaje na LTC 2025 - LTC Pardubice","og_description":"Pl\u00e1novan\u00e9 turnaje 2025","og_url":"https:\/\/www.ltcpardubice.cz\/?page_id=2561","og_site_name":"LTC Pardubice","article_modified_time":"2026-04-07T03:20:18+00:00","twitter_card":"summary_large_image","twitter_misc":{"Odhadovan\u00e1 doba \u010dten\u00ed":"1 minuta"},"schema":{"@context":"https:\/\/schema.org","@graph":[{"@type":"WebPage","@id":"https:\/\/www.ltcpardubice.cz\/?page_id=2561","url":"https:\/\/www.ltcpardubice.cz\/?page_id=2561","name":"Turnaje na LTC 2025 - LTC Pardubice","isPartOf":{"@id":"https:\/\/www.ltcpardubice.cz\/#website"},"datePublished":"2020-08-24T18:49:42+00:00","dateModified":"2026-04-07T03:20:18+00:00","breadcrumb":{"@id":"https:\/\/www.ltcpardubice.cz\/?page_id=2561#breadcrumb"},"inLanguage":"cs","potentialAction":[{"@type":"ReadAction","target":["https:\/\/www.ltcpardubice.cz\/?page_id=2561"]}]},{"@type":"BreadcrumbList","@id":"https:\/\/www.ltcpardubice.cz\/?page_id=2561#breadcrumb","itemListElement":[{"@type":"ListItem","position":1,"name":"Home","item":"https:\/\/www.ltcpardubice.cz\/"},{"@type":"ListItem","position":2,"name":"Turnaje na LTC 2025"}]},{"@type":"WebSite","@id":"https:\/\/www.ltcpardubice.cz\/#website","url":"https:\/\/www.ltcpardubice.cz\/","name":"LTC Pardubice","description":"Str\u00e1nky tenisov\u00e9ho klubu LTC Pardubice","potentialAction":[{"@type":"SearchAction","target":{"@type":"EntryPoint","urlTemplate":"https:\/\/www.ltcpardubice.cz\/?s={search_term_string}"},"query-input":{"@type":"PropertyValueSpecification","valueRequired":true,"valueName":"search_term_string"}}],"inLanguage":"cs"}]}},"brizy_media":[],"_links":{"self":[{"href":"https:\/\/www.ltcpardubice.cz\/index.php?rest_route=\/wp\/v2\/pages\/2561"}],"collection":[{"href":"https:\/\/www.ltcpardubice.cz\/index.php?rest_route=\/wp\/v2\/pages"}],"about":[{"href":"https:\/\/www.ltcpardubice.cz\/index.php?rest_route=\/wp\/v2\/types\/page"}],"author":[{"embeddable":true,"href":"https:\/\/www.ltcpardubice.cz\/index.php?rest_route=\/wp\/v2\/users\/1"}],"replies":[{"embeddable":true,"href":"https:\/\/www.ltcpardubice.cz\/index.php?rest_route=%2Fwp%2Fv2%2Fcomments&post=2561"}],"version-history":[{"count":6,"href":"https:\/\/www.ltcpardubice.cz\/index.php?rest_route=\/wp\/v2\/pages\/2561\/revisions"}],"predecessor-version":[{"id":7544,"href":"https:\/\/www.ltcpardubice.cz\/index.php?rest_route=\/wp\/v2\/pages\/2561\/revisions\/7544"}],"wp:attachment":[{"href":"https:\/\/www.ltcpardubice.cz\/index.php?rest_route=%2Fwp%2Fv2%2Fmedia&parent=2561"}],"curies":[{"name":"wp","href":"https:\/\/api.w.org\/{rel}","templated":true}]}}